{"id":9473,"date":"2026-04-26T16:37:59","date_gmt":"2026-04-26T16:37:59","guid":{"rendered":"https:\/\/krainazozolki.co.uk\/?post_type=product&#038;p=9473"},"modified":"2026-04-26T16:37:59","modified_gmt":"2026-04-26T16:37:59","slug":"kolorowanka-z-naklejkami-flamingi","status":"publish","type":"product","link":"https:\/\/krainazozolki.co.uk\/en\/product\/kolorowanka-z-naklejkami-flamingi\/","title":{"rendered":"Kolorowanka z naklejkami. Flamingi."},"content":{"rendered":"<h4 class=\"font-claude-response-body break-words whitespace-normal leading-[1.7]\" style=\"text-align: center;\">Chwy\u0107 za kredki i poznaj elegancki \u015bwiat flaming\u00f3w! Flamingi to kolorowanka wydawnictwa Martel, w kt\u00f3rej ka\u017cda strona prezentuje przepi\u0119kne r\u00f3\u017cowe ptaki w r\u00f3\u017cnorodnych ods\u0142onach. Poniewa\u017c flamingi to jedne z najbardziej efektownych i lubianych zwierz\u0105t, dziecko z wielk\u0105 pasj\u0105 si\u0119ga po kredki i koloruje ka\u017cd\u0105 stron\u0119.<\/h4>\n<h4 class=\"font-claude-response-body break-words whitespace-normal leading-[1.7]\" style=\"text-align: center;\">Kolorowanie to nie tylko \u015bwietna zabawa \u2013 to przede wszystkim doskona\u0142y trening dla rozwijaj\u0105cej si\u0119 r\u0105czki. Dzi\u0119ki regularnym sesjom z kolorowank\u0105 dziecko \u0107wiczy motoryk\u0119 ma\u0142\u0105, precyzj\u0119 ruch\u00f3w i koncentracj\u0119. Co wi\u0119cej, do\u0142\u0105czone 50 naklejek dodatkowo uatrakcyjniaj\u0105 zabaw\u0119 i nagradzaj\u0105 za ka\u017cd\u0105 uko\u0144czon\u0105 stron\u0119. Ponadto kolorowanka w naturalny spos\u00f3b przybli\u017ca dziecku \u015bwiat egzotycznych ptak\u00f3w i rozbudza ciekawo\u015b\u0107 przyrodnicz\u0105.<\/h4>\n","protected":false},"excerpt":{"rendered":"<h4>Eleganckie i r\u00f3\u017cowe \u2013 flamingi czekaj\u0105 na kolory! Flamingi to kolorowanka z 50 naklejkami pe\u0142na pi\u0119knych i wdzi\u0119cznych ptak\u00f3w. Kolorowa zabawa i trening motoryki dla ka\u017cdego malucha!<\/h4>","protected":false},"featured_media":9474,"comment_status":"closed","ping_status":"closed","template":"","meta":{"_monsterinsights_skip_tracking":false,"_monsterinsights_sitenote_active":false,"_monsterinsights_sitenote_note":"","_monsterinsights_sitenote_category":0},"product_brand":[184],"product_cat":[80,81,78],"product_tag":[],"class_list":{"0":"post-9473","1":"product","2":"type-product","3":"status-publish","4":"has-post-thumbnail","6":"product_brand-martel","7":"product_cat-4-5-lat","8":"product_cat-6-7-lat","9":"product_cat-artykuly-plastyczne","10":"product_shipping_class-mala-paczka-inpost-royalmail","11":"pa_producent-martel","12":"pa_wiek-94","13":"pa_wiek-122","14":"pa_wiek-120","15":"pa_wiek-125","17":"first","18":"instock","19":"taxable","20":"shipping-taxable","21":"purchasable","22":"product-type-simple"},"aioseo_notices":[],"_links":{"self":[{"href":"https:\/\/krainazozolki.co.uk\/en\/wp-json\/wp\/v2\/product\/9473","targetHints":{"allow":["GET"]}}],"collection":[{"href":"https:\/\/krainazozolki.co.uk\/en\/wp-json\/wp\/v2\/product"}],"about":[{"href":"https:\/\/krainazozolki.co.uk\/en\/wp-json\/wp\/v2\/types\/product"}],"replies":[{"embeddable":true,"href":"https:\/\/krainazozolki.co.uk\/en\/wp-json\/wp\/v2\/comments?post=9473"}],"version-history":[{"count":1,"href":"https:\/\/krainazozolki.co.uk\/en\/wp-json\/wp\/v2\/product\/9473\/revisions"}],"predecessor-version":[{"id":9476,"href":"https:\/\/krainazozolki.co.uk\/en\/wp-json\/wp\/v2\/product\/9473\/revisions\/9476"}],"wp:featuredmedia":[{"embeddable":true,"href":"https:\/\/krainazozolki.co.uk\/en\/wp-json\/wp\/v2\/media\/9474"}],"wp:attachment":[{"href":"https:\/\/krainazozolki.co.uk\/en\/wp-json\/wp\/v2\/media?parent=9473"}],"wp:term":[{"taxonomy":"product_brand","embeddable":true,"href":"https:\/\/krainazozolki.co.uk\/en\/wp-json\/wp\/v2\/product_brand?post=9473"},{"taxonomy":"product_cat","embeddable":true,"href":"https:\/\/krainazozolki.co.uk\/en\/wp-json\/wp\/v2\/product_cat?post=9473"},{"taxonomy":"product_tag","embeddable":true,"href":"https:\/\/krainazozolki.co.uk\/en\/wp-json\/wp\/v2\/product_tag?post=9473"}],"curies":[{"name":"wp","href":"https:\/\/api.w.org\/{rel}","templated":true}]}}