{"id":9477,"date":"2026-04-26T16:40:48","date_gmt":"2026-04-26T16:40:48","guid":{"rendered":"https:\/\/krainazozolki.co.uk\/?post_type=product&#038;p=9477"},"modified":"2026-04-26T16:46:19","modified_gmt":"2026-04-26T16:46:19","slug":"kolorowanka-z-naklejkami-super-baletnice","status":"publish","type":"product","link":"https:\/\/krainazozolki.co.uk\/en\/product\/kolorowanka-z-naklejkami-super-baletnice\/","title":{"rendered":"Kolorowanka z naklejkami. Super baletnice."},"content":{"rendered":"<h4 class=\"font-claude-response-body break-words whitespace-normal leading-[1.7]\" style=\"text-align: center;\">Chwy\u0107 za kredki i wkrocz na parkiet! Superbaletnice to kolorowanka wydawnictwa Martel, kt\u00f3ra wychodzi naprzeciw marzeniom dzieci o pi\u0119knym ta\u0144cu i byciu prawdziw\u0105 baletnic\u0105. Poniewa\u017c ka\u017cda strona prezentuje eleganckie tancerki w przepi\u0119knych strojach, dziecko z wielk\u0105 pasj\u0105 si\u0119ga po kredki i tworzy w\u0142asn\u0105 wizj\u0119 baletowego \u015bwiata.<\/h4>\n<h4 class=\"font-claude-response-body break-words whitespace-normal leading-[1.7]\" style=\"text-align: center;\">W \u015brodku dziecko znajdzie wdzi\u0119czne baletnice gotowe na kolorow\u0105 przygod\u0119 \u2013 mo\u017ce z bliska przyjrze\u0107 si\u0119 ich wyposa\u017ceniu, pozna\u0107 tajniki stroj\u00f3w, a nawet zata\u0144czy\u0107 razem z nimi! Dzi\u0119ki temu kolorowanka rozbudza wyobra\u017ani\u0119 i tw\u00f3rczo\u015b\u0107. Co wi\u0119cej, kolorowanie to nie tylko \u015bwietna zabawa \u2013 to doskona\u0142y trening motoryki ma\u0142ej i koncentracji. Ponadto do\u0142\u0105czone naklejki dodatkowo uatrakcyjniaj\u0105 zabaw\u0119 i nagradzaj\u0105 za ka\u017cd\u0105 uko\u0144czon\u0105 stron\u0119.<\/h4>\n","protected":false},"excerpt":{"rendered":"<h4>Piruetem w \u015bwiat kolor\u00f3w! Superbaletnice to kolorowanka z naklejkami dla ma\u0142ych fanek ta\u0144ca. Dziecko poznaje stroje i tajniki baletu, koloruj\u0105c wdzi\u0119czne tancerki. Idealna dla przysz\u0142ych baletnic!<\/h4>","protected":false},"featured_media":9478,"comment_status":"closed","ping_status":"closed","template":"","meta":{"_monsterinsights_skip_tracking":false,"_monsterinsights_sitenote_active":false,"_monsterinsights_sitenote_note":"","_monsterinsights_sitenote_category":0},"product_brand":[184],"product_cat":[80,81,78],"product_tag":[],"class_list":{"0":"post-9477","1":"product","2":"type-product","3":"status-publish","4":"has-post-thumbnail","6":"product_brand-martel","7":"product_cat-4-5-lat","8":"product_cat-6-7-lat","9":"product_cat-artykuly-plastyczne","10":"product_shipping_class-mala-paczka-inpost-royalmail","11":"pa_producent-martel","12":"pa_wiek-94","13":"pa_wiek-122","14":"pa_wiek-120","15":"pa_wiek-125","17":"first","18":"instock","19":"taxable","20":"shipping-taxable","21":"purchasable","22":"product-type-simple"},"aioseo_notices":[],"_links":{"self":[{"href":"https:\/\/krainazozolki.co.uk\/en\/wp-json\/wp\/v2\/product\/9477","targetHints":{"allow":["GET"]}}],"collection":[{"href":"https:\/\/krainazozolki.co.uk\/en\/wp-json\/wp\/v2\/product"}],"about":[{"href":"https:\/\/krainazozolki.co.uk\/en\/wp-json\/wp\/v2\/types\/product"}],"replies":[{"embeddable":true,"href":"https:\/\/krainazozolki.co.uk\/en\/wp-json\/wp\/v2\/comments?post=9477"}],"version-history":[{"count":1,"href":"https:\/\/krainazozolki.co.uk\/en\/wp-json\/wp\/v2\/product\/9477\/revisions"}],"predecessor-version":[{"id":9480,"href":"https:\/\/krainazozolki.co.uk\/en\/wp-json\/wp\/v2\/product\/9477\/revisions\/9480"}],"wp:featuredmedia":[{"embeddable":true,"href":"https:\/\/krainazozolki.co.uk\/en\/wp-json\/wp\/v2\/media\/9478"}],"wp:attachment":[{"href":"https:\/\/krainazozolki.co.uk\/en\/wp-json\/wp\/v2\/media?parent=9477"}],"wp:term":[{"taxonomy":"product_brand","embeddable":true,"href":"https:\/\/krainazozolki.co.uk\/en\/wp-json\/wp\/v2\/product_brand?post=9477"},{"taxonomy":"product_cat","embeddable":true,"href":"https:\/\/krainazozolki.co.uk\/en\/wp-json\/wp\/v2\/product_cat?post=9477"},{"taxonomy":"product_tag","embeddable":true,"href":"https:\/\/krainazozolki.co.uk\/en\/wp-json\/wp\/v2\/product_tag?post=9477"}],"curies":[{"name":"wp","href":"https:\/\/api.w.org\/{rel}","templated":true}]}}